{"id":41,"date":"2025-02-25T01:01:18","date_gmt":"2025-02-25T01:01:18","guid":{"rendered":"https:\/\/cetaceosdeciudad.cl\/?page_id=41"},"modified":"2025-02-25T14:41:21","modified_gmt":"2025-02-25T14:41:21","slug":"el-autor","status":"publish","type":"page","link":"https:\/\/cetaceosdeciudad.cl\/index.php\/el-autor\/","title":{"rendered":"El autor"},"content":{"rendered":"\n<p>Claudio Acu\u00f1a J. es Dise\u00f1ador Industrial , Magister en dise\u00f1o de espacios , artista y docente. Comenz\u00f3 a experimentar con el papel y sus posibilidades a temprana edad, estudi\u00f3 y perfeccion\u00f3 la t\u00e9cnica del Origami a la par que fue desarrollando ideas propias que lo han llevado a crear obras que han sido expuestas en diversas ciudades Chile y el extranjero. Actualmente se desarrolla como docente de Arte y Dise\u00f1o en Puerto Montt, Regi\u00f3n de Los Lagos, Chile.<\/p>\n\n\n\n<figure class=\"wp-block-image aligncenter size-full is-resized\"><img loading=\"lazy\" decoding=\"async\" width=\"708\" height=\"902\" src=\"https:\/\/cetaceosdeciudad.cl\/wp-content\/uploads\/2025\/02\/claudio-acuna.png\" alt=\"\" class=\"wp-image-147\" style=\"width:800px;height:auto\" srcset=\"https:\/\/cetaceosdeciudad.cl\/wp-content\/uploads\/2025\/02\/claudio-acuna.png 708w, https:\/\/cetaceosdeciudad.cl\/wp-content\/uploads\/2025\/02\/claudio-acuna-235x300.png 235w\" sizes=\"auto, (max-width: 708px) 100vw, 708px\" \/><\/figure>\n","protected":false},"excerpt":{"rendered":"<p>Claudio Acu\u00f1a J. es Dise\u00f1ador Industrial , Magister en dise\u00f1o de espacios , artista y docente. Comenz\u00f3 a experimentar con el papel y sus posibilidades a temprana edad, estudi\u00f3 y perfeccion\u00f3 la t\u00e9cnica del Origami a la par que fue desarrollando ideas propias que lo han llevado a crear obras que han sido expuestas en&#8230;<\/p>\n","protected":false},"author":1,"featured_media":0,"parent":0,"menu_order":0,"comment_status":"closed","ping_status":"closed","template":"","meta":{"footnotes":""},"class_list":["post-41","page","type-page","status-publish","hentry"],"_links":{"self":[{"href":"https:\/\/cetaceosdeciudad.cl\/index.php\/wp-json\/wp\/v2\/pages\/41","targetHints":{"allow":["GET"]}}],"collection":[{"href":"https:\/\/cetaceosdeciudad.cl\/index.php\/wp-json\/wp\/v2\/pages"}],"about":[{"href":"https:\/\/cetaceosdeciudad.cl\/index.php\/wp-json\/wp\/v2\/types\/page"}],"author":[{"embeddable":true,"href":"https:\/\/cetaceosdeciudad.cl\/index.php\/wp-json\/wp\/v2\/users\/1"}],"replies":[{"embeddable":true,"href":"https:\/\/cetaceosdeciudad.cl\/index.php\/wp-json\/wp\/v2\/comments?post=41"}],"version-history":[{"count":3,"href":"https:\/\/cetaceosdeciudad.cl\/index.php\/wp-json\/wp\/v2\/pages\/41\/revisions"}],"predecessor-version":[{"id":148,"href":"https:\/\/cetaceosdeciudad.cl\/index.php\/wp-json\/wp\/v2\/pages\/41\/revisions\/148"}],"wp:attachment":[{"href":"https:\/\/cetaceosdeciudad.cl\/index.php\/wp-json\/wp\/v2\/media?parent=41"}],"curies":[{"name":"wp","href":"https:\/\/api.w.org\/{rel}","templated":true}]}}